{"id":40,"date":"2017-12-30T14:28:10","date_gmt":"2017-12-30T14:28:10","guid":{"rendered":"http:\/\/www.fossbox.org.uk\/?page_id=40"},"modified":"2022-03-02T15:45:17","modified_gmt":"2022-03-02T15:45:17","slug":"projects","status":"publish","type":"page","link":"http:\/\/www.fossbox.org.uk\/?page_id=40","title":{"rendered":"Projects"},"content":{"rendered":"<p><strong>Fossbox works to foster partnerships and facilitate collaborations between academic researchers, creative, and community organisations. These are some of our recent research collaborations and impacts:<\/strong><\/p>\n<h3>The Exchange<\/h3>\n<p>Fossbox was commissioned in 2016 for a three-year project to provide digital platform support and impact measurement for <a href=\"http:\/\/www.theculturecapitalexchange.co.uk\/areas-of-work\/creative-and-research-led-collaborations\/\">The Cultural Capital Exchange<\/a> (TCCE) project <em><a href=\"http:\/\/www.wearetheexchange.org\/awards\/\">The Exchange<\/a>. The Exchange <\/em>worked towards establishing a national network through which artists, creatives and researchers can develop mutually beneficial relationships and break down barriers to collaboration beween academia and creative industries. The programme was supported by <strong>Arts Council England<\/strong> and the <strong>Higher Education Funding Council for England<\/strong>.<\/p>\n<p>Fossbox used an SaaS learning platform to customise a collaboration environment structured to guide early career researchers (ECR) through the collaborative research process and to capture reflections, outputs, and outcomes as the project developed. This was a groundbreaking approach to collaborative research from which we learned a great deal and which has been highly successful. <a href=\"https:\/\/www.theculturecapitalexchange.co.uk\/wp-content\/uploads\/2018\/07\/Revealing-Collaborative-Values.pdf\">Read <em>The Exchange: Revealing Collaborative Values<\/em> report here<\/a>.<\/p>\n<h3>Surviving the Gig Economy<\/h3>\n<p>Fossbox partnered with <a href=\"https:\/\/uk.linkedin.com\/in\/shiri-shalmy-23088812\">Shiri Shalmy<\/a>\u00a0of the <a href=\"http:\/\/www.artistsunionengland.org.uk\">Artists Union England<\/a>\u00a0(AUE) who aim to represent visual and applied artists in order to negotiate fair pay and better working conditions for artists in increasingly precarious digital culture and media industries. Shiri worked with the student team to support them in preparing to enter \u2018the precariat\u2019 creative workforce. Tommie Introna and James Wreford, co-founders of the <a href=\"http:\/\/blackshuck.co\">Black Shuk Coop<\/a>, worked with the group to create a multi-media information resource to help students in creative disciplines to prepare for future professional life. The student group was led by\u00a0<a href=\"https:\/\/www.uel.ac.uk\/staff\/m\/simon-miles\">Simon Patrick Miles<\/a> at UEL in association with the Director of Research, <a href=\"https:\/\/www.uel.ac.uk\/Staff\/m\/stephen-maddison\">Stephen Maddison<\/a>.<\/p>\n<p>Our feedback from the UEL staff team was that the project helped promote an unusually high level of engagement on the part of the student team. This was partly because it helped bridge the team\u2019s own future in the workforce with community engagement \u2014 but also with migrant communities\u2019 wider experiences of \u2018precarity\u2019. The team\u2019s work and outputs will also feed into the research interests of the UEL team.<\/p>\n<h3>The future of the creative skills pipeline<\/h3>\n<p>Fossbox partnered with the <a href=\"http:\/\/www.chead.ac.uk\/\">Council for Higher Education in Art &amp; Design<\/a>, the <a href=\"http:\/\/www.nsead.org\/\">National Society for Education in Art &amp; Design<\/a>, the Open University, and <a href=\"https:\/\/venturethinking.wordpress.com\/\">Venture Thinking<\/a> in 2016 for a pilot funded by <a href=\"https:\/\/www.canon-europe.com\/\">Canon Europe<\/a> to explore how best to support the future of creative education and the visual arts at secondary level. This followed on from the findings of NSEAD&#8217;s 2016 <a href=\"http:\/\/www.nsead.org\/downloads\/survey.pdf\">Survey Report<\/a> revealing a crisis in creative education in state schools. We wanted to explore what best could be done, given the limited resources available, to support school teachers with CPD in creative subjects.<\/p>\n<figure id=\"attachment_24\" aria-describedby=\"caption-attachment-24\" style=\"width: 494px\" class=\"wp-caption aligncenter\"><a href=\"http:\/\/www.fossbox.org.uk\/wp-content\/uploads\/2017\/12\/canon-live-story.jpeg\"><img loading=\"lazy\" decoding=\"async\" class=\"wp-image-24\" src=\"http:\/\/www.fossbox.org.uk\/wp-content\/uploads\/2017\/12\/canon-live-story.jpeg\" alt=\"live-story-arts-education-workshop\" width=\"494\" height=\"193\" srcset=\"http:\/\/www.fossbox.org.uk\/wp-content\/uploads\/2017\/12\/canon-live-story.jpeg 630w, http:\/\/www.fossbox.org.uk\/wp-content\/uploads\/2017\/12\/canon-live-story-300x117.jpeg 300w\" sizes=\"auto, (max-width: 494px) 100vw, 494px\" \/><\/a><figcaption id=\"caption-attachment-24\" class=\"wp-caption-text\"><em>Live story from open policy workshop<\/em><\/figcaption><\/figure>\n<p>The pilot study found no shortage of relevant literature along with excellent tools and resources but there was a widespread failure of uptake \u2014 partly from the lack of a widely recognised resources repository but also because existing tools output from research projects had generally not effectively addressed the frameworks and requirements of different kinds of secondary provision, local authority and academy, for adopting resources. The partnership has now presented its findings to Canon and we are in the process of planning a national project with a view to roll-out across Europe. Rather than producing a static repository, Fossbox will be looking at the role that technology can play in developing more collaborative solutions and in improving dissemination and uptake.<\/p>\n<h3>Surveillance, sexuality, and identity<\/h3>\n<figure id=\"attachment_18\" aria-describedby=\"caption-attachment-18\" style=\"width: 302px\" class=\"wp-caption alignright\"><a href=\"http:\/\/www.fossbox.org.uk\/wp-content\/uploads\/2017\/12\/IMG_20150322_180659.jpg\"><img loading=\"lazy\" decoding=\"async\" class=\"wp-image-18\" src=\"http:\/\/www.fossbox.org.uk\/wp-content\/uploads\/2017\/12\/IMG_20150322_180659-300x225.jpg\" alt=\"soundbeam visualisation\" width=\"302\" height=\"227\" srcset=\"http:\/\/www.fossbox.org.uk\/wp-content\/uploads\/2017\/12\/IMG_20150322_180659-300x225.jpg 300w, http:\/\/www.fossbox.org.uk\/wp-content\/uploads\/2017\/12\/IMG_20150322_180659-768x576.jpg 768w, http:\/\/www.fossbox.org.uk\/wp-content\/uploads\/2017\/12\/IMG_20150322_180659-1024x768.jpg 1024w\" sizes=\"auto, (max-width: 302px) 100vw, 302px\" \/><\/a><figcaption id=\"caption-attachment-18\" class=\"wp-caption-text\"><em>&#8216;Soundbeam&#8217; sonic installation by Charles C\u00e9leste Hutchins<\/em><\/figcaption><\/figure>\n<p>Following on from discussions we had been having in 2015 with <a href=\"http:\/\/furtherfield.org\/\" target=\"_blank\" rel=\"noopener noreferrer\">Furtherfield Commons<\/a> and collaborating on the <a href=\"https:\/\/tacticaltech.org\/gender-tech-institute\" target=\"_blank\" rel=\"noopener noreferrer\">Tactical Tech Collective Gender &amp; Tech Popup Institute<\/a> we wanted to continue a more focused exploration of the issues around sexuality, gender and surveillance online.<\/p>\n<p>We teamed up with <a href=\"http:\/\/www.commonhouse.org.uk\/event\/atf-open-session-4\/\" target=\"_blank\" rel=\"noopener noreferrer\">Autonomous Tech Fetish<\/a> (ATF) for a programme of workshops at the Common House and Furtherfield Commons in 2015 using film, music, and skills workshops to explore the sophistication of corporate surveillance in a way which makes sense to non-tech participants. Charles Hutchins composed a sonification of Mozilla&#8217;s &#8216;<a href=\"https:\/\/www.mozilla.org\/en-GB\/lightbeam\/\">lightbeam<\/a>&#8216; extension which sonified how trackers connect you as you move through cyberspace \u2013 even we were a little astonished by the results! This was followed with workshops introducing techniques for taking more personal control of digital space. We presented on the outcomes at the <a href=\"https:\/\/not-equal.tech\/#about\">Not Equal<\/a> Summer School at Swansea University.<\/p>\n<h3>Flossie.org \u2013 Women in STEAM<\/h3>\n<figure id=\"attachment_19\" aria-describedby=\"caption-attachment-19\" style=\"width: 235px\" class=\"wp-caption alignright\"><a href=\"http:\/\/www.fossbox.org.uk\/wp-content\/uploads\/2017\/12\/flossie_volunteers.jpeg\"><img loading=\"lazy\" decoding=\"async\" class=\"wp-image-19\" src=\"http:\/\/www.fossbox.org.uk\/wp-content\/uploads\/2017\/12\/flossie_volunteers-300x225.jpeg\" alt=\"flossie volunteers\" width=\"235\" height=\"176\" srcset=\"http:\/\/www.fossbox.org.uk\/wp-content\/uploads\/2017\/12\/flossie_volunteers-300x225.jpeg 300w, http:\/\/www.fossbox.org.uk\/wp-content\/uploads\/2017\/12\/flossie_volunteers.jpeg 640w\" sizes=\"auto, (max-width: 235px) 100vw, 235px\" \/><\/a><figcaption id=\"caption-attachment-19\" class=\"wp-caption-text\"><em>Volunteers at Flossie 2012<\/em><\/figcaption><\/figure>\n<p>Between 2009-2014, Fossbox brought together a group of women interested in co-design, digital arts, and coding to exchange knowledge, spark new ideas, and to support women in gaining confidence in using technology and code in art and design as well as art and design in technology. <a href=\"https:\/\/web.archive.org\/web\/20140523003616\/http:\/\/www.flossie.org:80\/\">Flossie&#8217;s Annual Conference<\/a> ran between 2012 and 2014. As Creative Entrepreneur in Residence at QMUL School of Business and Management, funded by <a class=\"western\" href=\"http:\/\/www.creativeworkslondon.org.uk\/\">CreativeWorks<\/a> London KE Hub\/AHRC We were able to take this forward supported by QMUL, the British Computer Society (BCS), The National Museum of Computing (TNMOC), Google and Soci\u00e9t\u00e9 G\u00e9n\u00e9rale. Working with a team of volunteers recruited from ECRs and creative industries we created a successful conference in the first year (2012) building in the second year to an international event with 80 responses to CfP and 200+ participants with presenters from throughout EMEA, Asia and Latin America. We also partnered with OU, Brunel, Bournemouth Arts and created spin-off hack events at TNMOC and BCS. This work made a significant contribution to EECS at QMUL&#8217;s <a class=\"western\" href=\"http:\/\/www.hr.qmul.ac.uk\/docs\/equalcommittee\/Athena\/100921.pdf\">Athena SWAN<\/a> award in 2012 and BCS is still running the &#8216;career tasters&#8217;. Flossie continued to run as a Meetup group until 2014.<\/p>\n<h3>Starting from Values: Evaluating Intangible Legacies<\/h3>\n<p>The <a href=\"http:\/\/arts.brighton.ac.uk\/__data\/assets\/pdf_file\/0020\/191720\/Starting-from-Values_Legacies-booklet_WEB.pdf\">Starting from Values<\/a> project was one of seven recently funded in a call for developing different ways of investigating the legacy of <a href=\"http:\/\/connected-communities.org\/\">Arts and Humanities Research Council (AHRC) Connected Communities<\/a> projects. The project has led to new ways of defining &#8216;legacy&#8217;, lending legitimacy and authority to previously unheard or less \u2018tangible\u2019 legacies of Connected Communities projects, and contributes to wider questions on shared values, authority and legacies in collaborative research projects. Fossbox&#8217;s Director was a community co-investigator on the project.<\/p>\n<p>Fossbox has subsequently used adaptations of the methodology to evaluate various projects including <a href=\"http:\/\/www.theculturecapitalexchange.co.uk\">The Cultural Capital Exchange<\/a> <a href=\"http:\/\/www.wearetheexchange.org\">Exchange<\/a> network funded by HEFCE and ACE which enables artists, cultural and creative SMEs and ECRs to collaborate on research and enrich the ecology between the arts, creative industries and Universities. Fossbox set up a digital collaboration platform which was used also to embed reflection on legacies and to provide data on participation as it develops as well as workshops to explore the less tangible legacies of the project for participating ECRs and creative SMEs. The final report<em>\u00a0<\/em><a href=\"https:\/\/pdfs.semanticscholar.org\/8127\/7962f76f415549205705734817b5cb60085f.pdf\"><em>Starting from Values: Evaluating Intangible Legacies<\/em> is here<\/a>.<\/p>\n<h3>Scaling Up Co-Design<\/h3>\n<p><a href=\"https:\/\/connected-communities.org\/index.php\/project\/scaling-up-co-design-research-and-practice\/\"><iframe loading=\"lazy\" style=\"float: right; padding: 3px; margin: 4px;\" src=\"https:\/\/www.youtube.com\/embed\/Q4_AGn_vLkY\" width=\"401\" height=\"256\" frameborder=\"0\" allowfullscreen=\"allowfullscreen\"><span style=\"display: inline-block; width: 0px; overflow: hidden; line-height: 0;\" data-mce-type=\"bookmark\" class=\"mce_SELRES_start\">\ufeff<\/span><span style=\"display: inline-block; width: 0px; overflow: hidden; line-height: 0;\" data-mce-type=\"bookmark\" class=\"mce_SELRES_start\">\ufeff<\/span><span style=\"display: inline-block; width: 0px; overflow: hidden; line-height: 0;\" data-mce-type=\"bookmark\" class=\"mce_SELRES_start\">\ufeff<\/span><\/iframe>Scaling Up Codesign<\/a> was a research project aiming to unleash and build upon the intrinsic capacities of communities, community organizations and academic institutions in order to scale up their co-design practices and ultimately extend their reach and impact. It was funded by the <a href=\"https:\/\/connected-communities.org\/index.php\/about\/\">AHRC Connected Communities<\/a> scheme. Fossbox joined the project as a technological transformation consultant. Our focus was not only on how effective use of technology could amplify and disseminate co-design practices but also on the use of technology in research collaboration.<\/p>\n<p>We took forward some practical collaborations from the partnership:<\/p>\n<ul>\n<li>\n<figure id=\"attachment_11\" aria-describedby=\"caption-attachment-11\" style=\"width: 246px\" class=\"wp-caption alignleft\"><a href=\"http:\/\/www.fossbox.org.uk\/wp-content\/uploads\/2017\/12\/blackwoodmap-1.png\"><img loading=\"lazy\" decoding=\"async\" class=\"wp-image-11\" src=\"http:\/\/www.fossbox.org.uk\/wp-content\/uploads\/2017\/12\/blackwoodmap-1.png\" alt=\"blackwood mapping app\" width=\"246\" height=\"175\" \/><\/a><figcaption id=\"caption-attachment-11\" class=\"wp-caption-text\"><em>OSM mapping web application by Kate Lomax for Blackwood Foundation<\/em><\/figcaption><\/figure>\n<p>The Blackwood mapping project to use blended techniques to build participation in their interactive assistive technology design forum. We also explored the viability of using sensor data to automate mapping of accessible navigation for wheelchair uses on the <a href=\"https:\/\/www.openstreetmap.org\">Open Street Map<\/a> (OSM) by automatically tracking and uploading data about routes and terrain. Blackwood subsequently consulted Fossbox about developing a mapping project which would allow greater rationalisation of existing services and a simple, interactive, approach to keeping information updated whilst freely and simply searchable by the public \u2013 who can also add their own local knowledges to the live map.<\/li>\n<li>\n<figure id=\"attachment_13\" aria-describedby=\"caption-attachment-13\" style=\"width: 119px\" class=\"wp-caption alignright\"><a href=\"http:\/\/www.fossbox.org.uk\/wp-content\/uploads\/2017\/12\/hublink_people.jpg\"><img loading=\"lazy\" decoding=\"async\" class=\"wp-image-13\" src=\"http:\/\/www.fossbox.org.uk\/wp-content\/uploads\/2017\/12\/hublink_people.jpg\" alt=\"participatory design process\" width=\"119\" height=\"142\" \/><\/a><figcaption id=\"caption-attachment-13\" class=\"wp-caption-text\"><em>Lisa Haskell and REAL designing Hublink together<\/em><\/figcaption><\/figure>\n<p>Fossbox also developed a collaboration with Lisa Haskell as part of her PhD research at Bournemouth University. We worked with Lisa to develop Hublink, a participatively designed and custom built networked database supporting a consortium of local Information, Advice and Advocacy organisations to deliver local services collaboratively. The consortium is lead by Real, a non-profit <a href=\"http:\/\/real.org.uk\/about\/our-people\/\">run by disabled people<\/a>, for disabled people, working together to give disabled people the same choices and opportunities as everyone else. The consortium bid successfully for a Local Authority contract and this work is now supported by the live database. Whilst obviously nothing is 100% secure, the design of both databases foregrounds user control and data privacy. Hublink is used to record sensitive information about vulnerable users and is designed to ensure that data about a service user can only be accessed by the caseworker assigned to a case and cannot be accessed through collusion by external companies or agencies without the knowledge of its actual owners and operators. Reporting data is anonymised.<\/li>\n<\/ul>\n<h3>Technology &amp; Social Action<\/h3>\n<p><b>Technology and Social Action<\/b> was a collaborative research project to foster dialogue and collaboration between activists in social movements, voluntary and community organisations and technology designers. It was funded under the <a class=\"urllink\" href=\"http:\/\/www.design21.dundee.ac.uk\/home.html\" rel=\"nofollow\">Designing for the 21st Century<\/a>initiative of the <a class=\"urllink\" href=\"http:\/\/www.ahrc.ac.uk\/\" rel=\"nofollow\">Arts and Humanities Research Council<\/a> and the <a class=\"urllink\" href=\"http:\/\/www.epsrc.ac.uk\/\" rel=\"nofollow\">Engineering and Physical Science Research Council<\/a>. A follow-on 2-year project <b>Practical Design for Social Action (PRADSA)<\/b> was funded under the second round of the <a class=\"urllink\" href=\"http:\/\/www.design21.dundee.ac.uk\/home.html\" rel=\"nofollow\">Designing for the 21st Century<\/a> call for proposals, and began in March 2007.<\/p>\n<p>Fossbox came together as a network through the project and worked strategically with arts and community organisations to advocate and support the use of Free and Open Source Software for positive technological transformation. At one point, we explored the possibility of creating a custom Ubuntu-based &#8216;distro&#8217; to provide an &#8216;out of box&#8217; operating system for struggling community and arts organisations \u2013 and hence our name FOSSBox. We worked with a wide range of groups including <a href=\"http:\/\/counterpointsarts.org.uk\">Counterpoints Arts<\/a>, <a href=\"http:\/\/www.centred.org.uk\">Centred LGBTQ Charity<\/a>, and <a href=\"http:\/\/fossbox.org.uk\/content\/furtherfield-galleries-membership-management-support\">Furtherfield Galleries membership management support<\/a>. Furtherfield supports a consortium of small arts organisations reaching diverse communities and audiences but lacking resources to develop and grow. Fossbox worked with Furtherfield to build fundraising capacity by providing networked access to a collaborative membership database based on CiviCRM.<\/p>\n","protected":false},"excerpt":{"rendered":"<p>Fossbox works to foster partnerships and facilitate collaborations between academic researchers, creative, and community organisations. These are some of our recent research collaborations and impacts: The Exchange Fossbox was commissioned in 2016 for a three-year project to provide digital platform support and impact measurement for The Cultural Capital Exchange (TCCE) project The Exchange. The Exchange [&hellip;]<\/p>\n","protected":false},"author":1,"featured_media":19,"parent":0,"menu_order":0,"comment_status":"closed","ping_status":"closed","template":"","meta":{"activitypub_content_warning":"","activitypub_content_visibility":"local","activitypub_max_image_attachments":4,"footnotes":""},"class_list":["post-40","page","type-page","status-publish","has-post-thumbnail","czr-hentry"],"_links":{"self":[{"href":"http:\/\/www.fossbox.org.uk\/index.php?rest_route=\/wp\/v2\/pages\/40","targetHints":{"allow":["GET"]}}],"collection":[{"href":"http:\/\/www.fossbox.org.uk\/index.php?rest_route=\/wp\/v2\/pages"}],"about":[{"href":"http:\/\/www.fossbox.org.uk\/index.php?rest_route=\/wp\/v2\/types\/page"}],"author":[{"embeddable":true,"href":"http:\/\/www.fossbox.org.uk\/index.php?rest_route=\/wp\/v2\/users\/1"}],"replies":[{"embeddable":true,"href":"http:\/\/www.fossbox.org.uk\/index.php?rest_route=%2Fwp%2Fv2%2Fcomments&post=40"}],"version-history":[{"count":14,"href":"http:\/\/www.fossbox.org.uk\/index.php?rest_route=\/wp\/v2\/pages\/40\/revisions"}],"predecessor-version":[{"id":295,"href":"http:\/\/www.fossbox.org.uk\/index.php?rest_route=\/wp\/v2\/pages\/40\/revisions\/295"}],"wp:featuredmedia":[{"embeddable":true,"href":"http:\/\/www.fossbox.org.uk\/index.php?rest_route=\/wp\/v2\/media\/19"}],"wp:attachment":[{"href":"http:\/\/www.fossbox.org.uk\/index.php?rest_route=%2Fwp%2Fv2%2Fmedia&parent=40"}],"curies":[{"name":"wp","href":"https:\/\/api.w.org\/{rel}","templated":true}]}}